{"id":1515,"date":"2025-12-30T20:02:44","date_gmt":"2025-12-30T19:02:44","guid":{"rendered":"https:\/\/utclub.it\/?page_id=1515"},"modified":"2026-03-28T18:30:17","modified_gmt":"2026-03-28T17:30:17","slug":"events-utc-verticalrun-up7","status":"publish","type":"page","link":"https:\/\/utclub.it\/?page_id=1515","title":{"rendered":"Event &#8211; Road to Piacenza Half Marathon"},"content":{"rendered":"\t\t<div data-elementor-type=\"wp-page\" data-elementor-id=\"1515\" class=\"elementor elementor-1515\" data-elementor-post-type=\"page\">\n\t\t\t\t<div class=\"elementor-element elementor-element-7bacf5f e-con-full e-flex e-con e-parent\" data-id=\"7bacf5f\" data-element_type=\"container\" data-settings=\"{&quot;background_background&quot;:&quot;classic&quot;}\">\n\t\t\t\t<div class=\"elementor-element elementor-element-89e87dd elementor-widget elementor-widget-heading\" data-id=\"89e87dd\" data-element_type=\"widget\" data-widget_type=\"heading.default\">\n\t\t\t\t<div class=\"elementor-widget-container\">\n\t\t\t\t\t<h2 class=\"elementor-heading-title elementor-size-default\">ROAD TO <br> PIACENZA HALF MARATHON<\/h2>\t\t\t\t<\/div>\n\t\t\t\t<\/div>\n\t\t\t\t<\/div>\n\t\t<div class=\"elementor-element elementor-element-10d708e e-grid e-con-boxed e-con e-parent\" data-id=\"10d708e\" data-element_type=\"container\">\n\t\t\t\t\t<div class=\"e-con-inner\">\n\t\t<div class=\"elementor-element elementor-element-2c4b9b4 e-con-full e-flex e-con e-child\" data-id=\"2c4b9b4\" data-element_type=\"container\">\n\t\t\t\t<div class=\"elementor-element elementor-element-9420d33 elementor-widget elementor-widget-text-editor\" data-id=\"9420d33\" data-element_type=\"widget\" data-widget_type=\"text-editor.default\">\n\t\t\t\t<div class=\"elementor-widget-container\">\n\t\t\t\t\t\t\t\t\t<p>Road to &#8211; Piacenza Half Marathon<\/p>\t\t\t\t\t\t\t\t<\/div>\n\t\t\t\t<\/div>\n\t\t\t\t<div class=\"elementor-element elementor-element-591a765 elementor-widget elementor-widget-text-editor\" data-id=\"591a765\" data-element_type=\"widget\" data-widget_type=\"text-editor.default\">\n\t\t\t\t<div class=\"elementor-widget-container\">\n\t\t\t\t\t\t\t\t\t<p>Road to Placentia Half Marathon \u00e8 il percorso firmato UTC pensato per accompagnarti nelle settimane che precedono la mezza maratona di Piacenza.<br \/>Un progetto strutturato su 5 appuntamenti tra aprile e inizio maggio, ognuno con un obiettivo specifico, per lavorare su tutti gli aspetti fondamentali del running: dalla tecnica alla gestione del ritmo gara, fino alla prevenzione infortuni e alla rifinitura finale.<br \/>L\u2019idea \u00e8 semplice:\u2028non solo correre, ma arrivare alla gara pi\u00f9 consapevoli, pi\u00f9 preparati e pi\u00f9 sicuri.<\/p><p>IL PROGETTO<\/p><p>Che tu stia preparando la mezza maratona oppure la staffetta, costruiremo un percorso progressivo fatto di:<\/p><ul><li>allenamenti guidati<\/li><li>focus specifici su ogni componente della corsa<\/li><li>incontri con allenatori e professionisti dedicati in alcune date<\/li><li>esperienze di gruppo in perfetto stile UTC<\/li><\/ul><p>Ogni appuntamento sar\u00e0 diverso, con un focus preciso, per permettere a tutti di lavorare in modo completo e intelligente nell&#8217;ultimo mese prima della gara.<\/p><p>Progetto realizzato con il patrocinio del Comune di Piacenza.<\/p>\t\t\t\t\t\t\t\t<\/div>\n\t\t\t\t<\/div>\n\t\t\t\t<\/div>\n\t\t\t\t<div class=\"elementor-element elementor-element-e206a35 elementor-widget elementor-widget-image\" data-id=\"e206a35\" data-element_type=\"widget\" data-widget_type=\"image.default\">\n\t\t\t\t<div class=\"elementor-widget-container\">\n\t\t\t\t\t\t\t\t\t\t\t\t\t\t\t<img fetchpriority=\"high\" decoding=\"async\" width=\"819\" height=\"1024\" src=\"https:\/\/utclub.it\/wp-content\/uploads\/2026\/03\/utc-halfmarathon-par1-819x1024.jpeg\" class=\"attachment-large size-large wp-image-1896\" alt=\"\" srcset=\"https:\/\/utclub.it\/wp-content\/uploads\/2026\/03\/utc-halfmarathon-par1-819x1024.jpeg 819w, https:\/\/utclub.it\/wp-content\/uploads\/2026\/03\/utc-halfmarathon-par1-240x300.jpeg 240w, https:\/\/utclub.it\/wp-content\/uploads\/2026\/03\/utc-halfmarathon-par1.jpeg 1080w\" sizes=\"100vw\" \/>\t\t\t\t\t\t\t\t\t\t\t\t\t\t\t<\/div>\n\t\t\t\t<\/div>\n\t\t\t\t\t<\/div>\n\t\t\t\t<\/div>\n\t\t<div class=\"elementor-element elementor-element-11bdf5f e-grid e-con-boxed e-con e-parent\" data-id=\"11bdf5f\" data-element_type=\"container\">\n\t\t\t\t\t<div class=\"e-con-inner\">\n\t\t<div class=\"elementor-element elementor-element-778c066 e-con-full e-flex e-con e-child\" data-id=\"778c066\" data-element_type=\"container\">\n\t\t\t\t<div class=\"elementor-element elementor-element-5c269df elementor-widget elementor-widget-text-editor\" data-id=\"5c269df\" data-element_type=\"widget\" data-widget_type=\"text-editor.default\">\n\t\t\t\t<div class=\"elementor-widget-container\">\n\t\t\t\t\t\t\t\t\t<p>\ud83e\udd1d PARTNER<br \/>Il progetto nasce in collaborazione con:<\/p><ul><li>A.S.D. Placentia, organizzatori Placentia Half Marathon<\/li><li>Neversecond, azienda leader nella nutrizione sportiva (gel energetici)<\/li><li>Craft, brand di abbigliamento tecnico running<br \/>Grazie a queste collaborazioni, l\u2019esperienza sar\u00e0 arricchita sia dal punto di vista tecnico che da quello pratico.<\/li><\/ul><p>\ud83d\udd25 UTC EXPERIENCE<br \/>Come sempre, non sar\u00e0 solo allenamento.<br \/>In occasione di alcuni incontri ci saranno momenti post-run targati UTC, tra community, condivisione e quel tipo di vibe che rende ogni uscita qualcosa di pi\u00f9 di una semplice corsa.<\/p><p>\ud83d\udc49 \u00c8 possibile partecipare anche a uno o pi\u00f9 incontri, senza obbligo di seguire l\u2019intero percorso o di essere presenti in modo consecutivo.<\/p><p>\ud83c\udf81 Chi prender\u00e0 parte a tutti e 5 gli appuntamenti ricever\u00e0 gadget esclusivi dai nostri sponsor Neversecond e Craft.<\/p><p><span style=\"text-decoration: underline;\">Tutti i partecipanti potranno iscriversi alla Placentia Half Marathon ad un prezzo agevolato (22\u20ac).<\/span><\/p><p>OBIETTIVO<br \/>Arrivare alla Placentia Half Marathon sapendo:<\/p><ul><li>che ritmo tenere<\/li><li>come gestire lo sforzo<\/li><li>come risponde il proprio corpo<\/li><\/ul><p>Correre meglio. Correre con pi\u00f9 consapevolezza.<\/p><p>\ud83c\udf9f\ufe0f COME PARTECIPARE<br \/><span style=\"text-decoration: underline;\">Il progetto \u00e8 gratuito, ma per partecipare \u00e8 necessario essere tesserati UTC\u2028(membership Basic o Race).<\/span><\/p>\t\t\t\t\t\t\t\t<\/div>\n\t\t\t\t<\/div>\n\t\t\t\t<div class=\"elementor-element elementor-element-c47bc95 elementor-align-center elementor-widget elementor-widget-button\" data-id=\"c47bc95\" data-element_type=\"widget\" data-widget_type=\"button.default\">\n\t\t\t\t<div class=\"elementor-widget-container\">\n\t\t\t\t\t\t\t\t\t<div class=\"elementor-button-wrapper\">\n\t\t\t\t\t<a class=\"elementor-button elementor-button-link elementor-size-sm\" href=\"https:\/\/utclub.it\/?page_id=374\">\n\t\t\t\t\t\t<span class=\"elementor-button-content-wrapper\">\n\t\t\t\t\t\t\t\t\t<span class=\"elementor-button-text\">TESSERAMI<\/span>\n\t\t\t\t\t<\/span>\n\t\t\t\t\t<\/a>\n\t\t\t\t<\/div>\n\t\t\t\t\t\t\t\t<\/div>\n\t\t\t\t<\/div>\n\t\t\t\t<\/div>\n\t\t\t\t<div class=\"elementor-element elementor-element-ebe925e elementor-widget elementor-widget-image\" data-id=\"ebe925e\" data-element_type=\"widget\" data-widget_type=\"image.default\">\n\t\t\t\t<div class=\"elementor-widget-container\">\n\t\t\t\t\t\t\t\t\t\t\t\t\t\t\t<img decoding=\"async\" width=\"683\" height=\"1024\" src=\"https:\/\/utclub.it\/wp-content\/uploads\/2026\/03\/utc-halfmarathon-par2-v2-683x1024.jpeg\" class=\"attachment-large size-large wp-image-1948\" alt=\"\" srcset=\"https:\/\/utclub.it\/wp-content\/uploads\/2026\/03\/utc-halfmarathon-par2-v2-683x1024.jpeg 683w, https:\/\/utclub.it\/wp-content\/uploads\/2026\/03\/utc-halfmarathon-par2-v2-200x300.jpeg 200w, https:\/\/utclub.it\/wp-content\/uploads\/2026\/03\/utc-halfmarathon-par2-v2-2000x3000.jpeg 2000w, https:\/\/utclub.it\/wp-content\/uploads\/2026\/03\/utc-halfmarathon-par2-v2-scaled-1024x1536.jpeg 1024w, https:\/\/utclub.it\/wp-content\/uploads\/2026\/03\/utc-halfmarathon-par2-v2-scaled-1366x2048.jpeg 1366w, https:\/\/utclub.it\/wp-content\/uploads\/2026\/03\/utc-halfmarathon-par2-v2-scaled.jpeg 1707w\" sizes=\"100vw\" \/>\t\t\t\t\t\t\t\t\t\t\t\t\t\t\t<\/div>\n\t\t\t\t<\/div>\n\t\t\t\t\t<\/div>\n\t\t\t\t<\/div>\n\t\t<div class=\"elementor-element elementor-element-486e501 e-flex e-con-boxed e-con e-parent\" data-id=\"486e501\" data-element_type=\"container\">\n\t\t\t\t\t<div class=\"e-con-inner\">\n\t\t\t\t<div class=\"elementor-element elementor-element-28491e2 elementor-widget elementor-widget-text-editor\" data-id=\"28491e2\" data-element_type=\"widget\" data-widget_type=\"text-editor.default\">\n\t\t\t\t<div class=\"elementor-widget-container\">\n\t\t\t\t\t\t\t\t\t<p>Sotto troverai i link per iscriverti a ogni singola giornata di allenamento, dove troverai maggiori informazioni sull&#8217;attivit\u00e0 proposta!<\/p>\t\t\t\t\t\t\t\t<\/div>\n\t\t\t\t<\/div>\n\t\t\t\t<div class=\"elementor-element elementor-element-50d7379 elementor-widget elementor-widget-text-editor\" data-id=\"50d7379\" data-element_type=\"widget\" data-widget_type=\"text-editor.default\">\n\t\t\t\t<div class=\"elementor-widget-container\">\n\t\t\t\t\t\t\t\t\t<p>GLI APPUNTAMENTI<\/p><ul><li>1 Aprile\u00a0 19:00 &#8211; 20:30\u00a0 \u00a0 \u00a0 \u00a0&#8211; Tecnica di corsa + fondo lento<br \/>\u2003\u2003\u2003\u2003\u2003\u2003\u2003\u2003<a style=\"font-family: 'Black Ops One';\" href=\"https:\/\/forms.gle\/7N8eUNBd8gBB1c3X9\" target=\"_blank\" rel=\"noopener\"> Iscriviti <\/a><\/li><li>12 Aprile\u00a0 10:00 &#8211; 12:30\u00a0 \u00a0 &#8211; Corsa in progressione <br \/>\u2003\u2003\u2003\u2003\u2003\u2003\u2003\u2003<a style=\"font-family: 'Black Ops One';\" href=\"https:\/\/forms.gle\/gNJB5vo2345csVFs7\" target=\"_blank\" rel=\"noopener\"> Iscriviti <\/a><\/li><li>19 Aprile\u00a0 10:00 &#8211; 13:00\u00a0 \u00a0 &#8211; Prevenzione infortuni <br \/>\u2003\u2003\u2003\u2003\u2003\u2003\u2003\u2003<a style=\"font-family: 'Black Ops One';\" href=\"https:\/\/forms.gle\/ULgEPvm4HNMiXzqBA\" target=\"_blank\" rel=\"noopener\"> Iscriviti <\/a><\/li><li>22 Aprile\u00a0 19:00 &#8211; 21:00\u00a0 \u00a0&#8211; Ritmo Gara <br \/>\u2003\u2003\u2003\u2003\u2003\u2003\u2003\u2003<a style=\"font-family: 'Black Ops One';\" href=\"https:\/\/forms.gle\/p423DsFMCqhCwRvH6\" target=\"_blank\" rel=\"noopener\"> Iscriviti <\/a><\/li><li>3 Maggio\u00a0 10:00 &#8211; 13:00\u00a0 \u00a0&#8211; Rifinitura Pre-Gara <br \/>\u2003\u2003\u2003\u2003\u2003\u2003\u2003\u2003<a style=\"font-family: 'Black Ops One';\" href=\"https:\/\/forms.gle\/1ZVFnNvSbHUASGBs6\" target=\"_blank\" rel=\"noopener\"> Iscriviti <\/a><\/li><\/ul>\t\t\t\t\t\t\t\t<\/div>\n\t\t\t\t<\/div>\n\t\t\t\t<div class=\"elementor-element elementor-element-b5fcafd elementor-widget elementor-widget-text-editor\" data-id=\"b5fcafd\" data-element_type=\"widget\" data-widget_type=\"text-editor.default\">\n\t\t\t\t<div class=\"elementor-widget-container\">\n\t\t\t\t\t\t\t\t\t<p>5 incontri, 5 obiettivi diversi, un unico percorso.<br \/>Ogni allenamento \u00e8 a numero limitato per garantire qualit\u00e0 e gestione ottimale del gruppo.<\/p>\t\t\t\t\t\t\t\t<\/div>\n\t\t\t\t<\/div>\n\t\t\t\t\t<\/div>\n\t\t\t\t<\/div>\n\t\t<div class=\"elementor-element elementor-element-d5e61c4 e-flex e-con-boxed e-con e-parent\" data-id=\"d5e61c4\" data-element_type=\"container\" data-settings=\"{&quot;background_background&quot;:&quot;classic&quot;}\">\n\t\t\t\t\t<div class=\"e-con-inner\">\n\t\t<div class=\"elementor-element elementor-element-39b92b9 e-con-full e-flex e-con e-child\" data-id=\"39b92b9\" data-element_type=\"container\">\n\t\t\t\t<div class=\"elementor-element elementor-element-aa666e8 elementor-widget elementor-widget-heading\" data-id=\"aa666e8\" data-element_type=\"widget\" data-widget_type=\"heading.default\">\n\t\t\t\t<div class=\"elementor-widget-container\">\n\t\t\t\t\t<h2 class=\"elementor-heading-title elementor-size-default\">JOIN THE CLUB<\/h2>\t\t\t\t<\/div>\n\t\t\t\t<\/div>\n\t\t\t\t<\/div>\n\t\t<div class=\"elementor-element elementor-element-c79196a e-grid e-con-boxed e-con e-child\" data-id=\"c79196a\" data-element_type=\"container\">\n\t\t\t\t\t<div class=\"e-con-inner\">\n\t\t\t\t<div class=\"elementor-element elementor-element-29b9f28 elementor-view-default elementor-widget elementor-widget-icon\" data-id=\"29b9f28\" data-element_type=\"widget\" data-widget_type=\"icon.default\">\n\t\t\t\t<div class=\"elementor-widget-container\">\n\t\t\t\t\t\t\t<div class=\"elementor-icon-wrapper\">\n\t\t\t<a class=\"elementor-icon\" href=\"https:\/\/www.instagram.com\/unconventional.trainingclub\/\">\n\t\t\t<svg aria-hidden=\"true\" class=\"e-font-icon-svg e-fab-instagram\" viewBox=\"0 0 448 512\" xmlns=\"http:\/\/www.w3.org\/2000\/svg\"><path d=\"M224.1 141c-63.6 0-114.9 51.3-114.9 114.9s51.3 114.9 114.9 114.9S339 319.5 339 255.9 287.7 141 224.1 141zm0 189.6c-41.1 0-74.7-33.5-74.7-74.7s33.5-74.7 74.7-74.7 74.7 33.5 74.7 74.7-33.6 74.7-74.7 74.7zm146.4-194.3c0 14.9-12 26.8-26.8 26.8-14.9 0-26.8-12-26.8-26.8s12-26.8 26.8-26.8 26.8 12 26.8 26.8zm76.1 27.2c-1.7-35.9-9.9-67.7-36.2-93.9-26.2-26.2-58-34.4-93.9-36.2-37-2.1-147.9-2.1-184.9 0-35.8 1.7-67.6 9.9-93.9 36.1s-34.4 58-36.2 93.9c-2.1 37-2.1 147.9 0 184.9 1.7 35.9 9.9 67.7 36.2 93.9s58 34.4 93.9 36.2c37 2.1 147.9 2.1 184.9 0 35.9-1.7 67.7-9.9 93.9-36.2 26.2-26.2 34.4-58 36.2-93.9 2.1-37 2.1-147.8 0-184.8zM398.8 388c-7.8 19.6-22.9 34.7-42.6 42.6-29.5 11.7-99.5 9-132.1 9s-102.7 2.6-132.1-9c-19.6-7.8-34.7-22.9-42.6-42.6-11.7-29.5-9-99.5-9-132.1s-2.6-102.7 9-132.1c7.8-19.6 22.9-34.7 42.6-42.6 29.5-11.7 99.5-9 132.1-9s102.7-2.6 132.1 9c19.6 7.8 34.7 22.9 42.6 42.6 11.7 29.5 9 99.5 9 132.1s2.7 102.7-9 132.1z\"><\/path><\/svg>\t\t\t<\/a>\n\t\t<\/div>\n\t\t\t\t\t\t<\/div>\n\t\t\t\t<\/div>\n\t\t\t\t<div class=\"elementor-element elementor-element-9fbac4e elementor-view-default elementor-widget elementor-widget-icon\" data-id=\"9fbac4e\" data-element_type=\"widget\" data-widget_type=\"icon.default\">\n\t\t\t\t<div class=\"elementor-widget-container\">\n\t\t\t\t\t\t\t<div class=\"elementor-icon-wrapper\">\n\t\t\t<a class=\"elementor-icon\" href=\"https:\/\/chat.whatsapp.com\/BJgfni2BdBkKOh9JRinFKK\">\n\t\t\t<svg aria-hidden=\"true\" class=\"e-font-icon-svg e-fab-whatsapp\" viewBox=\"0 0 448 512\" xmlns=\"http:\/\/www.w3.org\/2000\/svg\"><path d=\"M380.9 97.1C339 55.1 283.2 32 223.9 32c-122.4 0-222 99.6-222 222 0 39.1 10.2 77.3 29.6 111L0 480l117.7-30.9c32.4 17.7 68.9 27 106.1 27h.1c122.3 0 224.1-99.6 224.1-222 0-59.3-25.2-115-67.1-157zm-157 341.6c-33.2 0-65.7-8.9-94-25.7l-6.7-4-69.8 18.3L72 359.2l-4.4-7c-18.5-29.4-28.2-63.3-28.2-98.2 0-101.7 82.8-184.5 184.6-184.5 49.3 0 95.6 19.2 130.4 54.1 34.8 34.9 56.2 81.2 56.1 130.5 0 101.8-84.9 184.6-186.6 184.6zm101.2-138.2c-5.5-2.8-32.8-16.2-37.9-18-5.1-1.9-8.8-2.8-12.5 2.8-3.7 5.6-14.3 18-17.6 21.8-3.2 3.7-6.5 4.2-12 1.4-32.6-16.3-54-29.1-75.5-66-5.7-9.8 5.7-9.1 16.3-30.3 1.8-3.7.9-6.9-.5-9.7-1.4-2.8-12.5-30.1-17.1-41.2-4.5-10.8-9.1-9.3-12.5-9.5-3.2-.2-6.9-.2-10.6-.2-3.7 0-9.7 1.4-14.8 6.9-5.1 5.6-19.4 19-19.4 46.3 0 27.3 19.9 53.7 22.6 57.4 2.8 3.7 39.1 59.7 94.8 83.8 35.2 15.2 49 16.5 66.6 13.9 10.7-1.6 32.8-13.4 37.4-26.4 4.6-13 4.6-24.1 3.2-26.4-1.3-2.5-5-3.9-10.5-6.6z\"><\/path><\/svg>\t\t\t<\/a>\n\t\t<\/div>\n\t\t\t\t\t\t<\/div>\n\t\t\t\t<\/div>\n\t\t\t\t\t<\/div>\n\t\t\t\t<\/div>\n\t\t\t\t\t<\/div>\n\t\t\t\t<\/div>\n\t\t\t\t<\/div>\n\t\t","protected":false},"excerpt":{"rendered":"<p>ROAD TO PIACENZA HALF MARATHON Road to &#8211; Piacenza Half Marathon Road to Placentia Half Marathon \u00e8 il percorso firmato UTC pensato per accompagnarti nelle settimane che precedono la mezza maratona di Piacenza.Un progetto strutturato su 5 appuntamenti tra aprile e inizio maggio, ognuno con un obiettivo specifico, per lavorare su tutti gli aspetti fondamentali &hellip; <\/p>\n<p class=\"link-more\"><a href=\"https:\/\/utclub.it\/?page_id=1515\" class=\"more-link\">Read more<span class=\"screen-reader-text\"> &#8220;Event &#8211; Road to Piacenza Half Marathon&#8221;<\/span><\/a><\/p>\n","protected":false},"author":1,"featured_media":0,"parent":0,"menu_order":0,"comment_status":"closed","ping_status":"closed","template":"page-templates\/homepage-no-hero.php","meta":{"_monsterinsights_skip_tracking":false,"_monsterinsights_sitenote_active":false,"_monsterinsights_sitenote_note":"","_monsterinsights_sitenote_category":0,"footnotes":""},"class_list":["post-1515","page","type-page","status-publish","hentry"],"_links":{"self":[{"href":"https:\/\/utclub.it\/index.php?rest_route=\/wp\/v2\/pages\/1515","targetHints":{"allow":["GET"]}}],"collection":[{"href":"https:\/\/utclub.it\/index.php?rest_route=\/wp\/v2\/pages"}],"about":[{"href":"https:\/\/utclub.it\/index.php?rest_route=\/wp\/v2\/types\/page"}],"author":[{"embeddable":true,"href":"https:\/\/utclub.it\/index.php?rest_route=\/wp\/v2\/users\/1"}],"replies":[{"embeddable":true,"href":"https:\/\/utclub.it\/index.php?rest_route=%2Fwp%2Fv2%2Fcomments&post=1515"}],"version-history":[{"count":275,"href":"https:\/\/utclub.it\/index.php?rest_route=\/wp\/v2\/pages\/1515\/revisions"}],"predecessor-version":[{"id":1977,"href":"https:\/\/utclub.it\/index.php?rest_route=\/wp\/v2\/pages\/1515\/revisions\/1977"}],"wp:attachment":[{"href":"https:\/\/utclub.it\/index.php?rest_route=%2Fwp%2Fv2%2Fmedia&parent=1515"}],"curies":[{"name":"wp","href":"https:\/\/api.w.org\/{rel}","templated":true}]}}