{"id":417,"date":"2025-02-12T00:09:09","date_gmt":"2025-02-11T23:09:09","guid":{"rendered":"https:\/\/utclub.it\/?page_id=417"},"modified":"2026-01-24T12:13:26","modified_gmt":"2026-01-24T11:13:26","slug":"membership-basic","status":"publish","type":"page","link":"https:\/\/utclub.it\/?page_id=417","title":{"rendered":"Membership BASIC"},"content":{"rendered":"\t\t<div data-elementor-type=\"wp-page\" data-elementor-id=\"417\" class=\"elementor elementor-417\" data-elementor-post-type=\"page\">\n\t\t\t\t<div class=\"elementor-element elementor-element-e083aa8 e-con-full e-flex e-con e-parent\" data-id=\"e083aa8\" data-element_type=\"container\" data-settings=\"{&quot;background_background&quot;:&quot;classic&quot;}\">\n\t\t\t\t<div class=\"elementor-element elementor-element-59df150 elementor-widget elementor-widget-heading\" data-id=\"59df150\" data-element_type=\"widget\" data-widget_type=\"heading.default\">\n\t\t\t\t<div class=\"elementor-widget-container\">\n\t\t\t\t\t<h2 class=\"elementor-heading-title elementor-size-default\">BASIC MEMEBERSHIP<\/h2>\t\t\t\t<\/div>\n\t\t\t\t<\/div>\n\t\t\t\t<\/div>\n\t\t<div class=\"elementor-element elementor-element-c28c81b e-flex e-con-boxed e-con e-parent\" data-id=\"c28c81b\" data-element_type=\"container\">\n\t\t\t\t\t<div class=\"e-con-inner\">\n\t\t\t\t<div class=\"elementor-element elementor-element-22030ad elementor-widget elementor-widget-heading\" data-id=\"22030ad\" data-element_type=\"widget\" data-widget_type=\"heading.default\">\n\t\t\t\t<div class=\"elementor-widget-container\">\n\t\t\t\t\t<h2 class=\"elementor-heading-title elementor-size-default\">RICHIESTA ISCRIZIONE BASIC MEMBERSHIP 2026<\/h2>\t\t\t\t<\/div>\n\t\t\t\t<\/div>\n\t\t\t\t<div class=\"elementor-element elementor-element-bf17b89 elementor-widget elementor-widget-text-editor\" data-id=\"bf17b89\" data-element_type=\"widget\" data-widget_type=\"text-editor.default\">\n\t\t\t\t<div class=\"elementor-widget-container\">\n\t\t\t\t\t\t\t\t\t<p>Modulo di richiesta di Associazione a UTC A.S.D. \u2013 Unconventional Training Club con tesseramento ASI esclusivamente per persone maggiorenni che abbiano gi\u00e0 compiuto il diciottesimo anno di et\u00e0. In caso di richieste di associazioni di minori scrivere a unconventionaltrainingclub@gmail.com<\/p><p>La quota annuale \u00e8 di 20,00\u20ac.<\/p><p>Una volta compilata la richiesta di tesseramento potrai procedere al pagamento tramite bonifico bancario all\u2019IBAN: IT02M0515612603CC0250009890 intestato a UTC A.S.D. con causale \u201c<strong>Quota Iscrizione BASIC MEMBERSHIP UTC anno 2026 \u2013 Nome Cognome<\/strong>\u201d.<\/p><p>Nel caso in cui il tesseramento non fosse autorizzato dal Consiglio Direttivo la quota ti verr\u00e0 rimborsata.<\/p>\t\t\t\t\t\t\t\t<\/div>\n\t\t\t\t<\/div>\n\t\t\t\t\t<\/div>\n\t\t\t\t<\/div>\n\t\t<div class=\"elementor-element elementor-element-fa5afe1 e-flex e-con-boxed e-con e-parent\" data-id=\"fa5afe1\" data-element_type=\"container\">\n\t\t\t\t\t<div class=\"e-con-inner\">\n\t\t\t\t<div class=\"elementor-element elementor-element-20419ac elementor-widget elementor-widget-wpforms\" data-id=\"20419ac\" data-element_type=\"widget\" data-widget_type=\"wpforms.default\">\n\t\t\t\t<div class=\"elementor-widget-container\">\n\t\t\t\t\t<style id=\"wpforms-css-vars-elementor-widget-20419ac\">\n\t\t\t\t.elementor-widget-wpforms.elementor-element-20419ac {\n\t\t\t\t--wpforms-button-background-color: #000000;\n--wpforms-field-size-input-height: 43px;\n--wpforms-field-size-input-spacing: 15px;\n--wpforms-field-size-font-size: 16px;\n--wpforms-field-size-line-height: 19px;\n--wpforms-field-size-padding-h: 14px;\n--wpforms-field-size-checkbox-size: 16px;\n--wpforms-field-size-sublabel-spacing: 5px;\n--wpforms-field-size-icon-size: 1;\n--wpforms-label-size-font-size: 16px;\n--wpforms-label-size-line-height: 19px;\n--wpforms-label-size-sublabel-font-size: 14px;\n--wpforms-label-size-sublabel-line-height: 17px;\n--wpforms-button-size-font-size: 17px;\n--wpforms-button-size-height: 41px;\n--wpforms-button-size-padding-h: 15px;\n--wpforms-button-size-margin-top: 10px;\n\n\t\t\t}\n\t\t\t<\/style><div class=\"wpforms-container wpforms-container-full wpforms-render-modern\" id=\"wpforms-419\"><form id=\"wpforms-form-419\" class=\"wpforms-validate wpforms-form wpforms-ajax-form\" data-formid=\"419\" method=\"post\" enctype=\"multipart\/form-data\" action=\"\/index.php?rest_route=%2Fwp%2Fv2%2Fpages%2F417&#038;wpforms_form_id=419\" data-token=\"06d345b0dcdc49dc2d8f6ea303292697\" data-token-time=\"1776276597\"><noscript class=\"wpforms-error-noscript\">Please enable JavaScript in your browser to complete this form.<\/noscript><div class=\"wpforms-hidden\" id=\"wpforms-error-noscript\">Please enable JavaScript in your browser to complete this form.<\/div><div class=\"wpforms-field-container\"><div id=\"wpforms-419-field_1-container\" class=\"wpforms-field wpforms-field-name\" data-field-id=\"1\"><label class=\"wpforms-field-label\" for=\"wpforms-419-field_1\">Nome e Cognome <span class=\"wpforms-required-label\" aria-hidden=\"true\">*<\/span><\/label><input type=\"text\" id=\"wpforms-419-field_1\" class=\"wpforms-field-medium wpforms-field-required\" name=\"wpforms[fields][1]\" aria-errormessage=\"wpforms-419-field_1-error\" required><\/div><div id=\"wpforms-419-field_17-container\" class=\"wpforms-field wpforms-field-text\" data-field-id=\"17\"><label class=\"wpforms-field-label\" for=\"wpforms-419-field_17\">Codice Fiscale <span class=\"wpforms-required-label\" aria-hidden=\"true\">*<\/span><\/label><input type=\"text\" id=\"wpforms-419-field_17\" class=\"wpforms-field-medium wpforms-field-required\" name=\"wpforms[fields][17]\" aria-errormessage=\"wpforms-419-field_17-error\" required><\/div><div id=\"wpforms-419-field_18-container\" class=\"wpforms-field wpforms-field-text\" data-field-id=\"18\"><label class=\"wpforms-field-label\" for=\"wpforms-419-field_18\">Data di nascita <span class=\"wpforms-required-label\" aria-hidden=\"true\">*<\/span><\/label><input type=\"text\" id=\"wpforms-419-field_18\" class=\"wpforms-field-medium wpforms-field-required\" name=\"wpforms[fields][18]\" aria-errormessage=\"wpforms-419-field_18-error\" required><\/div><div id=\"wpforms-419-field_19-container\" class=\"wpforms-field wpforms-field-text\" data-field-id=\"19\"><label class=\"wpforms-field-label\" for=\"wpforms-419-field_19\">Luogo di nascita <span class=\"wpforms-required-label\" aria-hidden=\"true\">*<\/span><\/label><input type=\"text\" id=\"wpforms-419-field_19\" class=\"wpforms-field-medium wpforms-field-required\" name=\"wpforms[fields][19]\" aria-errormessage=\"wpforms-419-field_19-error\" required><\/div><div id=\"wpforms-419-field_20-container\" class=\"wpforms-field wpforms-field-text\" data-field-id=\"20\"><label class=\"wpforms-field-label\" for=\"wpforms-419-field_20\">Telefono <span class=\"wpforms-required-label\" aria-hidden=\"true\">*<\/span><\/label><input type=\"text\" id=\"wpforms-419-field_20\" class=\"wpforms-field-medium wpforms-field-required\" name=\"wpforms[fields][20]\" aria-errormessage=\"wpforms-419-field_20-error\" required><\/div><div id=\"wpforms-419-field_21-container\" class=\"wpforms-field wpforms-field-text\" data-field-id=\"21\"><label class=\"wpforms-field-label\" for=\"wpforms-419-field_21\">Email <span class=\"wpforms-required-label\" aria-hidden=\"true\">*<\/span><\/label><input type=\"text\" id=\"wpforms-419-field_21\" class=\"wpforms-field-medium wpforms-field-required\" name=\"wpforms[fields][21]\" aria-errormessage=\"wpforms-419-field_21-error\" required><\/div><div id=\"wpforms-419-field_22-container\" class=\"wpforms-field wpforms-field-text\" data-field-id=\"22\"><label class=\"wpforms-field-label\" for=\"wpforms-419-field_22\">Indirizzo di Residenza (Via, N\u00b0 Civico, Comune, CAP, Provincia) <span class=\"wpforms-required-label\" aria-hidden=\"true\">*<\/span><\/label><input type=\"text\" id=\"wpforms-419-field_22\" class=\"wpforms-field-medium wpforms-field-required\" name=\"wpforms[fields][22]\" aria-errormessage=\"wpforms-419-field_22-error\" required><\/div><div id=\"wpforms-419-field_23-container\" class=\"wpforms-field wpforms-field-checkbox\" data-field-id=\"23\"><fieldset><legend class=\"wpforms-field-label\">Il Sottoscritto\/a dichiara: <span class=\"wpforms-required-label\" aria-hidden=\"true\">*<\/span><\/legend><ul id=\"wpforms-419-field_23\" class=\"wpforms-field-required\"><li class=\"choice-1 depth-1\"><input type=\"checkbox\" id=\"wpforms-419-field_23_1\" name=\"wpforms[fields][23][]\" value=\"di aver preso visione dell&#039;Informativa sul trattamento dei dati personali e di prestare il consenso al trattamento dei propri dati personali nelle modalit\u00e0 e per le finalit\u00e0 descritte nell&#039;informativa sulla Privacy al link https:\/\/utclub.it\/?page_id=436\" aria-errormessage=\"wpforms-419-field_23_1-error\" required ><label class=\"wpforms-field-label-inline\" for=\"wpforms-419-field_23_1\">di aver preso visione dell'Informativa sul trattamento dei dati personali e di prestare il consenso al trattamento dei propri dati personali nelle modalit\u00e0 e per le finalit\u00e0 descritte nell'informativa sulla Privacy al link https:\/\/utclub.it\/?page_id=436<\/label><\/li><\/ul><\/fieldset><\/div><div id=\"wpforms-419-field_25-container\" class=\"wpforms-field wpforms-field-checkbox\" data-field-id=\"25\"><fieldset><legend class=\"wpforms-field-label\">Il Sottoscritto\/a letta e compresa l&#039;informativa pubblicata https:\/\/utclub.it\/?page_id=436 <span class=\"wpforms-required-label\" aria-hidden=\"true\">*<\/span><\/legend><ul id=\"wpforms-419-field_25\" class=\"wpforms-field-required\" data-choice-limit=\"1\"><li class=\"choice-1 depth-1\"><input type=\"checkbox\" id=\"wpforms-419-field_25_1\" data-rule-check-limit=\"true\" name=\"wpforms[fields][25][]\" value=\"Presta il consenso\" aria-errormessage=\"wpforms-419-field_25_1-error\" aria-describedby=\"wpforms-419-field_25-description\" required ><label class=\"wpforms-field-label-inline\" for=\"wpforms-419-field_25_1\">Presta il consenso<\/label><\/li><li class=\"choice-2 depth-1\"><input type=\"checkbox\" id=\"wpforms-419-field_25_2\" data-rule-check-limit=\"true\" name=\"wpforms[fields][25][]\" value=\"Non presta il consenso\" aria-errormessage=\"wpforms-419-field_25_2-error\" aria-describedby=\"wpforms-419-field_25-description\" required ><label class=\"wpforms-field-label-inline\" for=\"wpforms-419-field_25_2\">Non presta il consenso<\/label><\/li><\/ul><div id=\"wpforms-419-field_25-description\" class=\"wpforms-field-description\">al trattamento dei propri dati personali per l'invio di comunicazioni commerciali dei partner dell'A.S.D. e di eventi correlati all'attivit\u00e0 associativa di organizzazioni\nesterne (esempio gare, fiere, attivit\u00e0 ricreative).<\/div><\/fieldset><\/div><div id=\"wpforms-419-field_27-container\" class=\"wpforms-field wpforms-field-checkbox\" data-field-id=\"27\"><fieldset><legend class=\"wpforms-field-label\">Il Sottoscritto\/a dichiara:<\/legend><ul id=\"wpforms-419-field_27\"><li class=\"choice-1 depth-1\"><input type=\"checkbox\" id=\"wpforms-419-field_27_1\" name=\"wpforms[fields][27][]\" value=\"di aver preso visione e di accettare la liberatoria sull&#039;uso dell&#039;immagine al link https:\/\/utclub.it\/?page_id=833\" aria-errormessage=\"wpforms-419-field_27_1-error\"  ><label class=\"wpforms-field-label-inline\" for=\"wpforms-419-field_27_1\">di aver preso visione e di accettare la liberatoria sull'uso dell'immagine al link https:\/\/utclub.it\/?page_id=833<\/label><\/li><\/ul><\/fieldset><\/div><div id=\"wpforms-419-field_34-container\" class=\"wpforms-field wpforms-field-file-upload\" data-field-id=\"34\"><label class=\"wpforms-field-label\" for=\"wpforms-419-field_34\">Certificato Medico <span class=\"wpforms-required-label\" aria-hidden=\"true\">*<\/span><\/label><div\n\t\tclass=\"wpforms-uploader\"\n\t\tdata-field-id=\"34\"\n\t\tdata-form-id=\"419\"\n\t\tdata-input-name=\"wpforms_419_34\"\n\t\tdata-extensions=\"jpg,jpeg,jpe,gif,png,bmp,tiff,tif,webp,avif,ico,heic,heif,heics,heifs,asf,asx,wmv,wmx,wm,avi,divx,mov,qt,mpeg,mpg,mpe,mp4,m4v,ogv,webm,mkv,3gp,3gpp,3g2,3gp2,txt,asc,c,cc,h,srt,csv,tsv,ics,rtx,css,vtt,mp3,m4a,m4b,aac,ra,ram,wav,x-wav,ogg,oga,flac,mid,midi,wma,wax,mka,rtf,pdf,class,tar,zip,gz,gzip,rar,7z,psd,xcf,doc,pot,pps,ppt,wri,xla,xls,xlt,xlw,mpp,docx,docm,dotx,dotm,xlsx,xlsm,xlsb,xltx,xltm,xlam,pptx,pptm,ppsx,ppsm,potx,potm,ppam,sldx,sldm,onetoc,onetoc2,onepkg,oxps,xps,odt,odp,ods,odg,odc,odb,odf,wp,wpd,key,numbers,pages\"\n\t\tdata-max-size=\"134217728\"\n\t\tdata-max-file-number=\"1\"\n\t\tdata-post-max-size=\"134217728\"\n\t\tdata-max-parallel-uploads=\"4\"\n\t\tdata-parallel-uploads=\"true\"\n\t\tdata-file-chunk-size=\"2097152\">\n\t<div class=\"dz-message\">\n\t\t<svg viewBox=\"0 0 1024 1024\" focusable=\"false\" data-icon=\"inbox\" width=\"50px\" height=\"50px\" fill=\"currentColor\" aria-hidden=\"true\">\n\t\t\t<path d=\"M885.2 446.3l-.2-.8-112.2-285.1c-5-16.1-19.9-27.2-36.8-27.2H281.2c-17 0-32.1 11.3-36.9 27.6L139.4 443l-.3.7-.2.8c-1.3 4.9-1.7 9.9-1 14.8-.1 1.6-.2 3.2-.2 4.8V830a60.9 60.9 0 0 0 60.8 60.8h627.2c33.5 0 60.8-27.3 60.9-60.8V464.1c0-1.3 0-2.6-.1-3.7.4-4.9 0-9.6-1.3-14.1zm-295.8-43l-.3 15.7c-.8 44.9-31.8 75.1-77.1 75.1-22.1 0-41.1-7.1-54.8-20.6S436 441.2 435.6 419l-.3-15.7H229.5L309 210h399.2l81.7 193.3H589.4zm-375 76.8h157.3c24.3 57.1 76 90.8 140.4 90.8 33.7 0 65-9.4 90.3-27.2 22.2-15.6 39.5-37.4 50.7-63.6h156.5V814H214.4V480.1z\"><\/path>\n\t\t<\/svg>\n\t\t<span class=\"modern-title\">Click or drag a file to this area to upload.<\/span>\n\n\t\t\t<\/div>\n<\/div>\n<input\n\t\ttype=\"text\"\n\t\tautocomplete=\"off\"\n\t\treadonly\n\t\tclass=\"dropzone-input\"\n\t\tstyle=\"position:absolute!important;clip:rect(0,0,0,0)!important;height:1px!important;width:1px!important;border:0!important;overflow:hidden!important;padding:0!important;margin:0!important;\"\n\t\tid=\"wpforms-419-field_34\"\n\t\tname=\"wpforms_419_34\" required\t\tvalue=\"\">\n<div id=\"wpforms-419-field_34-description\" class=\"wpforms-field-description\">Ai fini del tesseramento presso la nostra Associazione Sportiva Dilettantistica, \u00e8 obbligatorio presentare un certificato medico in corso di validit\u00e0 per l\u2019attivit\u00e0 sportiva non agonistica. Si precisa che, qualora il socio sia gi\u00e0 in possesso di un certificato medico agonistico, lo stesso sar\u00e0 ritenuto valido anche per le attivit\u00e0 non agonistiche svolte all\u2019interno dell\u2019Associazione<\/div><\/div><\/div><!-- .wpforms-field-container --><div class=\"wpforms-submit-container\" ><input type=\"hidden\" name=\"wpforms[id]\" value=\"419\"><input type=\"hidden\" name=\"page_title\" value=\"\"><input type=\"hidden\" name=\"page_url\" value=\"https:\/\/utclub.it\/index.php?rest_route=\/wp\/v2\/pages\/417\"><button type=\"submit\" name=\"wpforms[submit]\" id=\"wpforms-submit-419\" class=\"wpforms-submit\" data-alt-text=\"Invio in corso...\" data-submit-text=\"TESSERAMI ORA\" aria-live=\"assertive\" value=\"wpforms-submit\">TESSERAMI ORA<\/button><img decoding=\"async\" src=\"https:\/\/utclub.it\/wp-content\/plugins\/wpforms\/assets\/images\/submit-spin.svg\" class=\"wpforms-submit-spinner\" style=\"display: none;\" width=\"26\" height=\"26\" alt=\"Loading\"><\/div><\/form><\/div>  <!-- .wpforms-container -->\t\t\t\t<\/div>\n\t\t\t\t<\/div>\n\t\t\t\t<div class=\"elementor-element elementor-element-2af531e elementor-fixed elementor-widget elementor-widget-button\" data-id=\"2af531e\" data-element_type=\"widget\" data-settings=\"{&quot;_position&quot;:&quot;fixed&quot;}\" data-widget_type=\"button.default\">\n\t\t\t\t<div class=\"elementor-widget-container\">\n\t\t\t\t\t\t\t\t\t<div class=\"elementor-button-wrapper\">\n\t\t\t\t\t<a class=\"elementor-button elementor-button-link elementor-size-sm\" href=\"#elementor-action%3Aaction%3Dpopup%3Aopen%26settings%3DeyJpZCI6IjcwMCIsInRvZ2dsZSI6ZmFsc2V9\">\n\t\t\t\t\t\t<span class=\"elementor-button-content-wrapper\">\n\t\t\t\t\t\t\t\t\t<span class=\"elementor-button-text\">Informativa<\/span>\n\t\t\t\t\t<\/span>\n\t\t\t\t\t<\/a>\n\t\t\t\t<\/div>\n\t\t\t\t\t\t\t\t<\/div>\n\t\t\t\t<\/div>\n\t\t\t\t<div class=\"elementor-element elementor-element-9ba8030 elementor-fixed elementor-widget elementor-widget-button\" data-id=\"9ba8030\" data-element_type=\"widget\" data-settings=\"{&quot;_position&quot;:&quot;fixed&quot;}\" data-widget_type=\"button.default\">\n\t\t\t\t<div class=\"elementor-widget-container\">\n\t\t\t\t\t\t\t\t\t<div class=\"elementor-button-wrapper\">\n\t\t\t\t\t<a class=\"elementor-button elementor-button-link elementor-size-sm\" href=\"#elementor-action%3Aaction%3Dpopup%3Aopen%26settings%3DeyJpZCI6Ijg0MyIsInRvZ2dsZSI6ZmFsc2V9\">\n\t\t\t\t\t\t<span class=\"elementor-button-content-wrapper\">\n\t\t\t\t\t\t\t\t\t<span class=\"elementor-button-text\">Liberatoria<\/span>\n\t\t\t\t\t<\/span>\n\t\t\t\t\t<\/a>\n\t\t\t\t<\/div>\n\t\t\t\t\t\t\t\t<\/div>\n\t\t\t\t<\/div>\n\t\t\t\t\t<\/div>\n\t\t\t\t<\/div>\n\t\t\t\t<\/div>\n\t\t","protected":false},"excerpt":{"rendered":"<p>BASIC MEMEBERSHIP RICHIESTA ISCRIZIONE BASIC MEMBERSHIP 2026 Modulo di richiesta di Associazione a UTC A.S.D. \u2013 Unconventional Training Club con tesseramento ASI esclusivamente per persone maggiorenni che abbiano gi\u00e0 compiuto il diciottesimo anno di et\u00e0. In caso di richieste di associazioni di minori scrivere a unconventionaltrainingclub@gmail.com La quota annuale \u00e8 di 20,00\u20ac. Una volta compilata &hellip; <\/p>\n<p class=\"link-more\"><a href=\"https:\/\/utclub.it\/?page_id=417\" class=\"more-link\">Read more<span class=\"screen-reader-text\"> &#8220;Membership BASIC&#8221;<\/span><\/a><\/p>\n","protected":false},"author":1,"featured_media":0,"parent":0,"menu_order":0,"comment_status":"closed","ping_status":"closed","template":"page-templates\/homepage-no-hero.php","meta":{"_monsterinsights_skip_tracking":false,"_monsterinsights_sitenote_active":false,"_monsterinsights_sitenote_note":"","_monsterinsights_sitenote_category":0,"footnotes":""},"class_list":["post-417","page","type-page","status-publish","hentry"],"_links":{"self":[{"href":"https:\/\/utclub.it\/index.php?rest_route=\/wp\/v2\/pages\/417","targetHints":{"allow":["GET"]}}],"collection":[{"href":"https:\/\/utclub.it\/index.php?rest_route=\/wp\/v2\/pages"}],"about":[{"href":"https:\/\/utclub.it\/index.php?rest_route=\/wp\/v2\/types\/page"}],"author":[{"embeddable":true,"href":"https:\/\/utclub.it\/index.php?rest_route=\/wp\/v2\/users\/1"}],"replies":[{"embeddable":true,"href":"https:\/\/utclub.it\/index.php?rest_route=%2Fwp%2Fv2%2Fcomments&post=417"}],"version-history":[{"count":55,"href":"https:\/\/utclub.it\/index.php?rest_route=\/wp\/v2\/pages\/417\/revisions"}],"predecessor-version":[{"id":1850,"href":"https:\/\/utclub.it\/index.php?rest_route=\/wp\/v2\/pages\/417\/revisions\/1850"}],"wp:attachment":[{"href":"https:\/\/utclub.it\/index.php?rest_route=%2Fwp%2Fv2%2Fmedia&parent=417"}],"curies":[{"name":"wp","href":"https:\/\/api.w.org\/{rel}","templated":true}]}}